{"id":89,"date":"2024-10-09T14:39:50","date_gmt":"2024-10-09T12:39:50","guid":{"rendered":"https:\/\/www.gymnasium-scheinfeld.de\/insider\/?page_id=89"},"modified":"2025-12-03T14:33:56","modified_gmt":"2025-12-03T13:33:56","slug":"ueber-uns","status":"publish","type":"page","link":"https:\/\/www.gymnasium-scheinfeld.de\/insider\/ueber-uns\/","title":{"rendered":"\u00dcber Uns"},"content":{"rendered":"\n<p><em>Wer sind wir eigentlich?<\/em><\/p>\n\n\n\n<p>Wir sind die Redaktion der Sch\u00fclerzeitung <strong>INSIDER<\/strong> des Gymnasiums Scheinfeld. <\/p>\n\n\n\n<p><em>Was soll man dazu noch gro\u00df sagen?<\/em><\/p>\n\n\n\n<p>Eine engagierte Sch\u00fclerredaktion, die mit viel Leidenschaft und Kreativit\u00e4t an facettenreichen Artikeln, Interviews und kreativen Beitr\u00e4gen arbeitet, mit dem Ziel, spannende Einblicke und inspirierende Denkanst\u00f6\u00dfe zu bieten. <\/p>\n\n\n\n<p><\/p>\n\n\n\n<figure class=\"wp-block-image size-full\"><img loading=\"lazy\" decoding=\"async\" width=\"2560\" height=\"1867\" src=\"https:\/\/www.gymnasium-scheinfeld.de\/insider\/wp-content\/uploads\/2024\/11\/IMG_7290-scaled.jpeg\" alt=\"\" class=\"wp-image-324\" srcset=\"https:\/\/www.gymnasium-scheinfeld.de\/insider\/wp-content\/uploads\/2024\/11\/IMG_7290-scaled.jpeg 2560w, https:\/\/www.gymnasium-scheinfeld.de\/insider\/wp-content\/uploads\/2024\/11\/IMG_7290-768x560.jpeg 768w, https:\/\/www.gymnasium-scheinfeld.de\/insider\/wp-content\/uploads\/2024\/11\/IMG_7290-1536x1120.jpeg 1536w, https:\/\/www.gymnasium-scheinfeld.de\/insider\/wp-content\/uploads\/2024\/11\/IMG_7290-2048x1494.jpeg 2048w\" sizes=\"auto, (max-width: 2560px) 100vw, 2560px\" \/><\/figure>\n\n\n\n<div class=\"wp-block-columns is-layout-flex wp-container-core-columns-is-layout-9d6595d7 wp-block-columns-is-layout-flex\">\n<div class=\"wp-block-column is-layout-flow wp-block-column-is-layout-flow\">\n<h4 class=\"wp-block-heading\">Chefredaktion (Q 13)<\/h4>\n\n\n\n<p>S.R.<\/p>\n\n\n\n<p>H.S.<\/p>\n\n\n\n<p><\/p>\n<\/div>\n\n\n\n<div class=\"wp-block-column is-layout-flow wp-block-column-is-layout-flow\">\n<h4 class=\"wp-block-heading\">Redaktion<strong> <\/strong><\/h4>\n\n\n\n<p>S.A. (6)<\/p>\n\n\n\n<p>H.M. (6)<\/p>\n\n\n\n<p>J.R. (6)<\/p>\n\n\n\n<p>A.L. (7)<\/p>\n\n\n\n<p>M.K. (7)<\/p>\n\n\n\n<p>R.G. (11)<\/p>\n\n\n\n<p><\/p>\n\n\n\n<p><\/p>\n<\/div>\n\n\n\n<div class=\"wp-block-column is-layout-flow wp-block-column-is-layout-flow\">\n<h4 class=\"wp-block-heading\">Layout<\/h4>\n\n\n\n<p>R.G. (11)<\/p>\n\n\n\n<p><\/p>\n\n\n\n<p><\/p>\n<\/div>\n<\/div>\n","protected":false},"excerpt":{"rendered":"<p>Wer sind wir eigentlich? Wir sind die Redaktion der Sch\u00fclerzeitung &hellip; <\/p>\n","protected":false},"author":4,"featured_media":0,"parent":0,"menu_order":0,"comment_status":"closed","ping_status":"closed","template":"","meta":{"footnotes":""},"class_list":["post-89","page","type-page","status-publish","hentry"],"_links":{"self":[{"href":"https:\/\/www.gymnasium-scheinfeld.de\/insider\/wp-json\/wp\/v2\/pages\/89","targetHints":{"allow":["GET"]}}],"collection":[{"href":"https:\/\/www.gymnasium-scheinfeld.de\/insider\/wp-json\/wp\/v2\/pages"}],"about":[{"href":"https:\/\/www.gymnasium-scheinfeld.de\/insider\/wp-json\/wp\/v2\/types\/page"}],"author":[{"embeddable":true,"href":"https:\/\/www.gymnasium-scheinfeld.de\/insider\/wp-json\/wp\/v2\/users\/4"}],"replies":[{"embeddable":true,"href":"https:\/\/www.gymnasium-scheinfeld.de\/insider\/wp-json\/wp\/v2\/comments?post=89"}],"version-history":[{"count":15,"href":"https:\/\/www.gymnasium-scheinfeld.de\/insider\/wp-json\/wp\/v2\/pages\/89\/revisions"}],"predecessor-version":[{"id":1291,"href":"https:\/\/www.gymnasium-scheinfeld.de\/insider\/wp-json\/wp\/v2\/pages\/89\/revisions\/1291"}],"wp:attachment":[{"href":"https:\/\/www.gymnasium-scheinfeld.de\/insider\/wp-json\/wp\/v2\/media?parent=89"}],"curies":[{"name":"wp","href":"https:\/\/api.w.org\/{rel}","templated":true}]}}